{"id":2,"date":"2021-02-20T16:56:57","date_gmt":"2021-02-20T16:56:57","guid":{"rendered":"http:\/\/ailituisk.ee\/eesti-keel\/?page_id=2"},"modified":"2024-10-06T12:55:03","modified_gmt":"2024-10-06T12:55:03","slug":"sample-page","status":"publish","type":"page","link":"https:\/\/ailituisk.ee\/eesti-keel\/","title":{"rendered":"Pealeht"},"content":{"rendered":"<style>\n.head_main {<br \/>display: flex;<br \/>flex-direction: row;<br \/>align-items: center;<br \/>}<br \/>@media only screen and (max-width: 768px) {<br \/>  .head_main {<br \/>    flex-direction: column;<br \/>  }<br \/>}<br \/><\/style>\n<div style=\"display: flex; flex-direction: column; font-size: 16px;\">\n<div class=\"head_main\">\n<div style=\"margin-right: 15px;\"><img loading=\"lazy\" decoding=\"async\" class=\"alignnone size-medium wp-image-922\" src=\"http:\/\/ailituisk.ee\/eesti-keel\/wp-content\/uploads\/2024\/10\/Aili-1_09_24.png\" alt=\"\" width=\"200\" height=\"200\" \/><\/div>\n<div>Koolitaja on inimene nagu iga teinegi!<br \/>\nKoolitaja \u00fclesanne on anda \u00f5ppijale k\u00e4tte teeots, st luua selline \u00f5piruum, milles \u00f5ppija tahab ja saab ise areneda! Kui lisandub motivatsioon, on tulemus garanteeritud!<br \/>\nPortfoolios t\u00f5endan oma erialast p\u00e4devust t\u00e4isksvanute koolitajana, l\u00e4htudes kutsestandardis esitatud kompetentsidest.<\/div>\n<\/div>\n<div style=\"display: flex; align-items: center; justify-content: center;\">\n<div style=\"display: flex; flex-direction: row; justify-items: center; margin-bottom: 20px;\"><\/div>\n<\/div>\n<div style=\"display: flex; flex-direction: column;\">\n<div>Aili Tuisk<\/div>\n<div>+372 56 841 851<\/div>\n<div>ailituisk@gmail.com<\/div>\n<p><a href=\"https:\/\/ailituisk.ee\">ailituisk.ee<\/a><\/p>\n<\/div>\n<div>\n<div style=\"font-size: 18px; font-weight: 400;\">Haridus<\/div>\n<div>Eesti keele kui teise keele \u00f5petaja, lisaeriala pedagoogika ja kasvatust\u00f6\u00f6 metoodika.<br \/>\nDiplom nr 478546, Eduard Vilde nim Tallinna Pedagoogiline Instituut, 28.06.1988.<\/div>\n<div>T\u00e4ienduskoolitus: Tallinna \u00dclikool, 2021, kursus \u201e\u00d5pi ja \u00f5peta: t\u00e4iskasvanute koolitaja koolitustegevuse arendaja ja \u00f5ppimise toetajana\u201c.<\/div>\n<div style=\"font-size: 11px;\">\n<div>Aili Tuisk Koolitus O\u00dc<\/div>\n<div>Reg nr 16370265<\/div>\n<div>Tegevusluba: Haridus- ja Teadusministeeriumi KK nr 1.1-3\/22\/60 (A2, B1)<\/div>\n<div>Majandustegevusteade nr 229202<\/div>\n<\/div>\n<\/div>\n<\/div>\n","protected":false},"excerpt":{"rendered":"<p>Koolitaja on inimene nagu iga teinegi! Koolitaja \u00fclesanne on anda \u00f5ppijale k\u00e4tte teeots, st luua selline \u00f5piruum, milles \u00f5ppija tahab ja saab ise areneda! Kui lisandub motivatsioon, on tulemus garanteeritud! Portfoolios t\u00f5endan oma erialast p\u00e4devust t\u00e4isksvanute koolitajana, l\u00e4htudes kutsestandardis esitatud kompetentsidest. Aili Tuisk +372 56 841 851 ailituisk@gmail.com ailituisk.ee Haridus Eesti keele kui teise keele &hellip;<\/p>\n<p class=\"read-more\"> <a class=\"\" href=\"https:\/\/ailituisk.ee\/eesti-keel\/\"> <span class=\"screen-reader-text\">Pealeht<\/span> Read More &raquo;<\/a><\/p>\n","protected":false},"author":1,"featured_media":0,"parent":0,"menu_order":0,"comment_status":"closed","ping_status":"closed","template":"","meta":{"footnotes":""},"class_list":["post-2","page","type-page","status-publish","hentry"],"yoast_head":"<!-- This site is optimized with the Yoast SEO plugin v16.0.2 - https:\/\/yoast.com\/wordpress\/plugins\/seo\/ -->\n<title>Pealeht - \u00d5pi eesti keelt inglise, vene v\u00f5i soome keele baasil<\/title>\n<meta name=\"description\" content=\"Aili Tuisk. +372 56 841 851. info@ailituisk.ee. ailituisk.ee. \u00d5petan eesti keelt inglise, vene ja soome keele baasil.\" \/>\n<link rel=\"canonical\" href=\"https:\/\/ailituisk.ee\/eesti-keel\/\" \/>\n<meta property=\"og:locale\" content=\"et_EE\" \/>\n<meta property=\"og:type\" content=\"article\" \/>\n<meta property=\"og:title\" content=\"Pealeht - \u00d5pi eesti keelt inglise, vene v\u00f5i soome keele baasil\" \/>\n<meta property=\"og:description\" content=\"Aili Tuisk. +372 56 841 851. info@ailituisk.ee. ailituisk.ee. \u00d5petan eesti keelt inglise, vene ja soome keele baasil.\" \/>\n<meta property=\"og:url\" content=\"https:\/\/ailituisk.ee\/eesti-keel\/\" \/>\n<meta property=\"og:site_name\" content=\"Eesti keele kui v\u00f5\u00f5rkeele \u00f5petaja \/ t\u00e4iskasvanute koolitaja\" \/>\n<meta property=\"article:modified_time\" content=\"2024-10-06T12:55:03+00:00\" \/>\n<meta property=\"og:image\" content=\"http:\/\/ailituisk.ee\/eesti-keel\/wp-content\/uploads\/2024\/10\/Aili-1_09_24.png\" \/>\n<meta name=\"twitter:card\" content=\"summary_large_image\" \/>\n<meta name=\"twitter:label1\" content=\"Est. reading time\">\n\t<meta name=\"twitter:data1\" content=\"1 minut\">\n<script type=\"application\/ld+json\" class=\"yoast-schema-graph\">{\"@context\":\"https:\/\/schema.org\",\"@graph\":[{\"@type\":\"WebSite\",\"@id\":\"https:\/\/ailituisk.ee\/eesti-keel\/#website\",\"url\":\"https:\/\/ailituisk.ee\/eesti-keel\/\",\"name\":\"Eesti keele kui v\\u00f5\\u00f5rkeele \\u00f5petaja \/ t\\u00e4iskasvanute koolitaja\",\"description\":\"T\\u00e4iskasvanute koolitaja\",\"potentialAction\":[{\"@type\":\"SearchAction\",\"target\":\"https:\/\/ailituisk.ee\/eesti-keel\/?s={search_term_string}\",\"query-input\":\"required name=search_term_string\"}],\"inLanguage\":\"et\"},{\"@type\":\"ImageObject\",\"@id\":\"https:\/\/ailituisk.ee\/eesti-keel\/#primaryimage\",\"inLanguage\":\"et\",\"url\":\"http:\/\/ailituisk.ee\/eesti-keel\/wp-content\/uploads\/2024\/10\/Aili-1_09_24.png\"},{\"@type\":\"WebPage\",\"@id\":\"https:\/\/ailituisk.ee\/eesti-keel\/#webpage\",\"url\":\"https:\/\/ailituisk.ee\/eesti-keel\/\",\"name\":\"Pealeht - \\u00d5pi eesti keelt inglise, vene v\\u00f5i soome keele baasil\",\"isPartOf\":{\"@id\":\"https:\/\/ailituisk.ee\/eesti-keel\/#website\"},\"primaryImageOfPage\":{\"@id\":\"https:\/\/ailituisk.ee\/eesti-keel\/#primaryimage\"},\"datePublished\":\"2021-02-20T16:56:57+00:00\",\"dateModified\":\"2024-10-06T12:55:03+00:00\",\"description\":\"Aili Tuisk. +372 56 841 851. info@ailituisk.ee. ailituisk.ee. \\u00d5petan eesti keelt inglise, vene ja soome keele baasil.\",\"breadcrumb\":{\"@id\":\"https:\/\/ailituisk.ee\/eesti-keel\/#breadcrumb\"},\"inLanguage\":\"et\",\"potentialAction\":[{\"@type\":\"ReadAction\",\"target\":[\"https:\/\/ailituisk.ee\/eesti-keel\/\"]}]},{\"@type\":\"BreadcrumbList\",\"@id\":\"https:\/\/ailituisk.ee\/eesti-keel\/#breadcrumb\",\"itemListElement\":[{\"@type\":\"ListItem\",\"position\":1,\"item\":{\"@type\":\"WebPage\",\"@id\":\"https:\/\/ailituisk.ee\/eesti-keel\/\",\"url\":\"https:\/\/ailituisk.ee\/eesti-keel\/\",\"name\":\"Home\"}},{\"@type\":\"ListItem\",\"position\":2,\"item\":{\"@type\":\"WebPage\",\"@id\":\"https:\/\/ailituisk.ee\/eesti-keel\/\",\"url\":\"https:\/\/ailituisk.ee\/eesti-keel\/\",\"name\":\"Pealeht\"}}]}]}<\/script>\n<!-- \/ Yoast SEO plugin. -->","_links":{"self":[{"href":"https:\/\/ailituisk.ee\/eesti-keel\/wp-json\/wp\/v2\/pages\/2","targetHints":{"allow":["GET"]}}],"collection":[{"href":"https:\/\/ailituisk.ee\/eesti-keel\/wp-json\/wp\/v2\/pages"}],"about":[{"href":"https:\/\/ailituisk.ee\/eesti-keel\/wp-json\/wp\/v2\/types\/page"}],"author":[{"embeddable":true,"href":"https:\/\/ailituisk.ee\/eesti-keel\/wp-json\/wp\/v2\/users\/1"}],"replies":[{"embeddable":true,"href":"https:\/\/ailituisk.ee\/eesti-keel\/wp-json\/wp\/v2\/comments?post=2"}],"version-history":[{"count":5,"href":"https:\/\/ailituisk.ee\/eesti-keel\/wp-json\/wp\/v2\/pages\/2\/revisions"}],"predecessor-version":[{"id":1008,"href":"https:\/\/ailituisk.ee\/eesti-keel\/wp-json\/wp\/v2\/pages\/2\/revisions\/1008"}],"wp:attachment":[{"href":"https:\/\/ailituisk.ee\/eesti-keel\/wp-json\/wp\/v2\/media?parent=2"}],"curies":[{"name":"wp","href":"https:\/\/api.w.org\/{rel}","templated":true}]}}