{"id":20,"date":"2021-02-26T19:52:57","date_gmt":"2021-02-26T19:52:57","guid":{"rendered":"http:\/\/ailituisk.ee\/eesti-keel\/?page_id=20"},"modified":"2024-07-03T08:00:33","modified_gmt":"2024-07-03T08:00:33","slug":"portfoolio","status":"publish","type":"page","link":"https:\/\/ailituisk.ee\/eesti-keel\/portfoolio\/","title":{"rendered":"Portfoolio"},"content":{"rendered":"<ul id=\"menu-portfoolio\" class=\"menu\"><li id=\"menu-item-938\" class=\"menu-item menu-item-type-post_type menu-item-object-post menu-item-938\"><a href=\"https:\/\/ailituisk.ee\/eesti-keel\/vastuvott-oppetasu-lopetamise-tingimused\/\" class=\"menu-link\">Vastuv\u00f5tt, \u00f5ppetasu, l\u00f5petamise tingimused<\/a><\/li>\n<li id=\"menu-item-939\" class=\"menu-item menu-item-type-post_type menu-item-object-post menu-item-939\"><a href=\"https:\/\/ailituisk.ee\/eesti-keel\/oppekorralduse-ja-kvaliteedi-tagamise-alused\/\" class=\"menu-link\">\u00d5ppekorralduse ja kvaliteedi tagamise alused<\/a><\/li>\n<li id=\"menu-item-937\" class=\"menu-item menu-item-type-post_type menu-item-object-page menu-item-937\"><a href=\"https:\/\/ailituisk.ee\/eesti-keel\/portfoolio\/oppeprotsessi-ettevalmistamine\/\" class=\"menu-link\">\u00d5ppeprotsessi ettevalmistamine<\/a><\/li>\n<li id=\"menu-item-936\" class=\"menu-item menu-item-type-post_type menu-item-object-page menu-item-936\"><a href=\"https:\/\/ailituisk.ee\/eesti-keel\/oppeprotsessi-labiviimine\/\" class=\"menu-link\">\u00d5ppeprotsessi l\u00e4biviimine<\/a><\/li>\n<li id=\"menu-item-932\" class=\"menu-item menu-item-type-post_type menu-item-object-page menu-item-932\"><a href=\"https:\/\/ailituisk.ee\/eesti-keel\/andmekaitsetingimused\/\" class=\"menu-link\">Andmekaitsetingimused<\/a><\/li>\n<li id=\"menu-item-933\" class=\"menu-item menu-item-type-post_type menu-item-object-page menu-item-933\"><a href=\"https:\/\/ailituisk.ee\/eesti-keel\/analuus-ning-hindamine\/\" class=\"menu-link\">\u00d5ppeprotsessi ja \u00f5pitulemuste anal\u00fc\u00fcs ning hindamine<\/a><\/li>\n<li id=\"menu-item-935\" class=\"menu-item menu-item-type-post_type menu-item-object-page menu-item-935\"><a href=\"https:\/\/ailituisk.ee\/eesti-keel\/professionaalne-eneseareng\/\" class=\"menu-link\">Professionaalne eneseareng<\/a><\/li>\n<li id=\"menu-item-934\" class=\"menu-item menu-item-type-post_type menu-item-object-page menu-item-934\"><a href=\"https:\/\/ailituisk.ee\/eesti-keel\/tagasiside\/\" class=\"menu-link\">Tagasiside<\/a><\/li>\n<li id=\"menu-item-940\" class=\"menu-item menu-item-type-post_type menu-item-object-post menu-item-940\"><a href=\"https:\/\/ailituisk.ee\/eesti-keel\/cv-elulookirjeldus\/\" class=\"menu-link\">CV (elulookirjeldus)<\/a><\/li>\n<\/ul>\n","protected":false},"excerpt":{"rendered":"","protected":false},"author":1,"featured_media":0,"parent":0,"menu_order":0,"comment_status":"closed","ping_status":"closed","template":"","meta":{"footnotes":""},"class_list":["post-20","page","type-page","status-publish","hentry"],"yoast_head":"<!-- This site is optimized with the Yoast SEO plugin v16.0.2 - https:\/\/yoast.com\/wordpress\/plugins\/seo\/ -->\n<title>Portfoolio - Eesti keele kui v\u00f5\u00f5rkeele \u00f5petaja \/ t\u00e4iskasvanute koolitaja<\/title>\n<link rel=\"canonical\" href=\"https:\/\/ailituisk.ee\/eesti-keel\/portfoolio\/\" \/>\n<meta property=\"og:locale\" content=\"et_EE\" \/>\n<meta property=\"og:type\" content=\"article\" \/>\n<meta property=\"og:title\" content=\"Portfoolio - Eesti keele kui v\u00f5\u00f5rkeele \u00f5petaja \/ t\u00e4iskasvanute koolitaja\" \/>\n<meta property=\"og:url\" content=\"https:\/\/ailituisk.ee\/eesti-keel\/portfoolio\/\" \/>\n<meta property=\"og:site_name\" content=\"Eesti keele kui v\u00f5\u00f5rkeele \u00f5petaja \/ t\u00e4iskasvanute koolitaja\" \/>\n<meta property=\"article:modified_time\" content=\"2024-07-03T08:00:33+00:00\" \/>\n<meta name=\"twitter:card\" content=\"summary_large_image\" \/>\n<meta name=\"twitter:label1\" content=\"Est. reading time\">\n\t<meta name=\"twitter:data1\" content=\"1 minut\">\n<script type=\"application\/ld+json\" class=\"yoast-schema-graph\">{\"@context\":\"https:\/\/schema.org\",\"@graph\":[{\"@type\":\"WebSite\",\"@id\":\"https:\/\/ailituisk.ee\/eesti-keel\/#website\",\"url\":\"https:\/\/ailituisk.ee\/eesti-keel\/\",\"name\":\"Eesti keele kui v\\u00f5\\u00f5rkeele \\u00f5petaja \/ t\\u00e4iskasvanute koolitaja\",\"description\":\"T\\u00e4iskasvanute koolitaja\",\"potentialAction\":[{\"@type\":\"SearchAction\",\"target\":\"https:\/\/ailituisk.ee\/eesti-keel\/?s={search_term_string}\",\"query-input\":\"required name=search_term_string\"}],\"inLanguage\":\"et\"},{\"@type\":\"WebPage\",\"@id\":\"https:\/\/ailituisk.ee\/eesti-keel\/portfoolio\/#webpage\",\"url\":\"https:\/\/ailituisk.ee\/eesti-keel\/portfoolio\/\",\"name\":\"Portfoolio - Eesti keele kui v\\u00f5\\u00f5rkeele \\u00f5petaja \/ t\\u00e4iskasvanute koolitaja\",\"isPartOf\":{\"@id\":\"https:\/\/ailituisk.ee\/eesti-keel\/#website\"},\"datePublished\":\"2021-02-26T19:52:57+00:00\",\"dateModified\":\"2024-07-03T08:00:33+00:00\",\"breadcrumb\":{\"@id\":\"https:\/\/ailituisk.ee\/eesti-keel\/portfoolio\/#breadcrumb\"},\"inLanguage\":\"et\",\"potentialAction\":[{\"@type\":\"ReadAction\",\"target\":[\"https:\/\/ailituisk.ee\/eesti-keel\/portfoolio\/\"]}]},{\"@type\":\"BreadcrumbList\",\"@id\":\"https:\/\/ailituisk.ee\/eesti-keel\/portfoolio\/#breadcrumb\",\"itemListElement\":[{\"@type\":\"ListItem\",\"position\":1,\"item\":{\"@type\":\"WebPage\",\"@id\":\"https:\/\/ailituisk.ee\/eesti-keel\/\",\"url\":\"https:\/\/ailituisk.ee\/eesti-keel\/\",\"name\":\"Home\"}},{\"@type\":\"ListItem\",\"position\":2,\"item\":{\"@type\":\"WebPage\",\"@id\":\"https:\/\/ailituisk.ee\/eesti-keel\/portfoolio\/\",\"url\":\"https:\/\/ailituisk.ee\/eesti-keel\/portfoolio\/\",\"name\":\"Portfoolio\"}}]}]}<\/script>\n<!-- \/ Yoast SEO plugin. -->","_links":{"self":[{"href":"https:\/\/ailituisk.ee\/eesti-keel\/wp-json\/wp\/v2\/pages\/20","targetHints":{"allow":["GET"]}}],"collection":[{"href":"https:\/\/ailituisk.ee\/eesti-keel\/wp-json\/wp\/v2\/pages"}],"about":[{"href":"https:\/\/ailituisk.ee\/eesti-keel\/wp-json\/wp\/v2\/types\/page"}],"author":[{"embeddable":true,"href":"https:\/\/ailituisk.ee\/eesti-keel\/wp-json\/wp\/v2\/users\/1"}],"replies":[{"embeddable":true,"href":"https:\/\/ailituisk.ee\/eesti-keel\/wp-json\/wp\/v2\/comments?post=20"}],"version-history":[{"count":5,"href":"https:\/\/ailituisk.ee\/eesti-keel\/wp-json\/wp\/v2\/pages\/20\/revisions"}],"predecessor-version":[{"id":955,"href":"https:\/\/ailituisk.ee\/eesti-keel\/wp-json\/wp\/v2\/pages\/20\/revisions\/955"}],"wp:attachment":[{"href":"https:\/\/ailituisk.ee\/eesti-keel\/wp-json\/wp\/v2\/media?parent=20"}],"curies":[{"name":"wp","href":"https:\/\/api.w.org\/{rel}","templated":true}]}}