{"id":26,"date":"2021-02-26T20:01:39","date_gmt":"2021-02-26T20:01:39","guid":{"rendered":"http:\/\/ailituisk.ee\/eesti-keel\/?page_id=26"},"modified":"2021-04-26T11:34:55","modified_gmt":"2021-04-26T11:34:55","slug":"blogi","status":"publish","type":"page","link":"https:\/\/ailituisk.ee\/eesti-keel\/blogi\/","title":{"rendered":"M\u00f5tisklused"},"content":{"rendered":"\n\n<div class=\"su-posts su-posts-default-loop\">\n\n\t\n\t\t\n\t\t\t<div id=\"su-post-584\" class=\"su-post\">\n\n\t\t\t\t\n\t\t\t\t<h2 class=\"su-post-title\"><a href=\"https:\/\/ailituisk.ee\/eesti-keel\/kellel-on-paremad-valjavaated-tooturule-sisenedes-kas-eesti-voi-vene-noortel\/\">Kellel on paremad v\u00e4ljavaated t\u00f6\u00f6turule sisenedes, kas haritud eesti v\u00f5i vene noortel?<\/a><\/h2>\n\n\t\t\t\t<div class=\"su-post-meta\">\n\t\t\t\t\tPostitatud: \t\t\t\t<\/div>\n\n\t\t\t\t<div class=\"su-post-excerpt\">\n\t\t\t\t\t<p>Mida teie arvate? Kui noored sisenevad Eestis t\u00f6\u00f6turule, siis kellel on paremad v\u00e4ljavaated, kas haritud eesti v\u00f5i vene noortel? Arvata v\u00f5iks, et eesti noortel on lihtsam oma unistusi realiseerida. Vaagisin seda asja mitme nurga alt ja oma imestuseks j\u00f5udsin esialgsega v\u00f5rreldes teistsugusele j\u00e4reldusele. Eks kogu see teema on mitmetahuline ja vastus s\u00f5ltub sellest, kelle vaatevinklist &hellip;<\/p>\n<p class=\"read-more\"> <a class=\"\" href=\"https:\/\/ailituisk.ee\/eesti-keel\/kellel-on-paremad-valjavaated-tooturule-sisenedes-kas-eesti-voi-vene-noortel\/\"> <span class=\"screen-reader-text\">Kellel on paremad v\u00e4ljavaated t\u00f6\u00f6turule sisenedes, kas haritud eesti v\u00f5i vene noortel?<\/span> Read More &raquo;<\/a><\/p>\n\t\t\t\t<\/div>\n\n\t\t\t\t\n\t\t\t<\/div>\n\n\t\t\n\t\t\t<div id=\"su-post-229\" class=\"su-post\">\n\n\t\t\t\t\n\t\t\t\t<h2 class=\"su-post-title\"><a href=\"https:\/\/ailituisk.ee\/eesti-keel\/eesti-keele-mentor\/\">Eesti keele mentor, 2021<\/a><\/h2>\n\n\t\t\t\t<div class=\"su-post-meta\">\n\t\t\t\t\tPostitatud: \t\t\t\t<\/div>\n\n\t\t\t\t<div class=\"su-post-excerpt\">\n\t\t\t\t\t<p>Olen sel kevadel eesti keele mentor. Kes see veel on? See on vabatahtlik, kes oma vabast ajast ja heast tahtest aitab kedagi, kes tahab eesti keelt kas \u00f5ppida v\u00f5i oma keeleoskust paranada. Integratsiooni Sihtasutus korraldab sellist v\u00e4gevat projekti nagu Keeles\u00f5bra programm. Eesti keelest huvitujad said registreeruda sihtasutuse kodulehel ja j\u00e4id siis ootele, kuni neile saadeti &hellip;<\/p>\n<p class=\"read-more\"> <a class=\"\" href=\"https:\/\/ailituisk.ee\/eesti-keel\/eesti-keele-mentor\/\"> <span class=\"screen-reader-text\">Eesti keele mentor, 2021<\/span> Read More &raquo;<\/a><\/p>\n\t\t\t\t<\/div>\n\n\t\t\t\t\n\t\t\t<\/div>\n\n\t\t\n\t\t\t<div id=\"su-post-213\" class=\"su-post\">\n\n\t\t\t\t\n\t\t\t\t<h2 class=\"su-post-title\"><a href=\"https:\/\/ailituisk.ee\/eesti-keel\/eesti-keele-kui-voorkeele-opetamine\/\">Eesti keele kui v\u00f5\u00f5rkeele \u00f5petamine<\/a><\/h2>\n\n\t\t\t\t<div class=\"su-post-meta\">\n\t\t\t\t\tPostitatud: \t\t\t\t<\/div>\n\n\t\t\t\t<div class=\"su-post-excerpt\">\n\t\t\t\t\t<p>Mina olen eesti keele \u00f5petaja Aili Tuisk. Kui tunnete, et ilma eesti keele oskuseta on Eestis keeruline elada, t\u00f6\u00f6tada, karj\u00e4\u00e4ri teha, siis teadke, et olukorda saab muuta! Leidke endas motivatsioon, p\u00fchendage iga p\u00e4ev \u00f5ppimisele aega ja minu kui \u00f5petaja kaasabil hakkate eesti keelt kindlasti m\u00f5istma ja r\u00e4\u00e4kima! See on lihtsalt k\u00e4ttev\u00f5tmise asi! \u00d5petan nii\u00a0 inglise &hellip;<\/p>\n<p class=\"read-more\"> <a class=\"\" href=\"https:\/\/ailituisk.ee\/eesti-keel\/eesti-keele-kui-voorkeele-opetamine\/\"> <span class=\"screen-reader-text\">Eesti keele kui v\u00f5\u00f5rkeele \u00f5petamine<\/span> Read More &raquo;<\/a><\/p>\n\t\t\t\t<\/div>\n\n\t\t\t\t\n\t\t\t<\/div>\n\n\t\t\n\t\t\t<div id=\"su-post-117\" class=\"su-post\">\n\n\t\t\t\t\n\t\t\t\t<h2 class=\"su-post-title\"><a href=\"https:\/\/ailituisk.ee\/eesti-keel\/would-you-like-to-learn-estonian\/\">Would you like to learn Estonian?<\/a><\/h2>\n\n\t\t\t\t<div class=\"su-post-meta\">\n\t\t\t\t\tPostitatud: \t\t\t\t<\/div>\n\n\t\t\t\t<div class=\"su-post-excerpt\">\n\t\t\t\t\t<p>Good idea! Come and study! You would like to learn more about Estonia, its people, language and culture \u2013 the only way is to learn Estonian language! Estonian language teacher I\u2019m a teacher of Estonian language. My name is Aili. Estonian language course targets young or adult learners, who want to learn to communicate in &hellip;<\/p>\n<p class=\"read-more\"> <a class=\"\" href=\"https:\/\/ailituisk.ee\/eesti-keel\/would-you-like-to-learn-estonian\/\"> <span class=\"screen-reader-text\">Would you like to learn Estonian?<\/span> Read More &raquo;<\/a><\/p>\n\t\t\t\t<\/div>\n\n\t\t\t\t\n\t\t\t<\/div>\n\n\t\t\n\t\t\t<div id=\"su-post-104\" class=\"su-post\">\n\n\t\t\t\t\n\t\t\t\t<h2 class=\"su-post-title\"><a href=\"https:\/\/ailituisk.ee\/eesti-keel\/e-etteutlus-kuidas-kirjutamine-onnestus\/\">E-ette\u00fctlus. Kuidas \u00f5nnestus?<\/a><\/h2>\n\n\t\t\t\t<div class=\"su-post-meta\">\n\t\t\t\t\tPostitatud: \t\t\t\t<\/div>\n\n\t\t\t\t<div class=\"su-post-excerpt\">\n\t\t\t\t\t<p>Siin n\u00e4ete keelemeemi (autorid Rene ja Kristjan Kundla), mis iseloomustab tabavalt \u00e4sjast e-ette\u00fctlust. Ma ei soovi kritiseerida, kaugel sellest! Ette\u00fctlus oli h\u00e4sti koostatud, tekst huvitav ja ka tehniliselt k\u00f5ik toimis v\u00e4ga h\u00e4sti! Tahan lihtsalt omi m\u00f5tteid avaldada. Kellele suunatud? Mulle tundub, et e-ette\u00fctlus oli suunatud eesti filoloogidele, keeletoimetajatele ja l\u00f5puklasside \u00f5pilistele, st neile, kes keelereeglitega &hellip;<\/p>\n<p class=\"read-more\"> <a class=\"\" href=\"https:\/\/ailituisk.ee\/eesti-keel\/e-etteutlus-kuidas-kirjutamine-onnestus\/\"> <span class=\"screen-reader-text\">E-ette\u00fctlus. Kuidas \u00f5nnestus?<\/span> Read More &raquo;<\/a><\/p>\n\t\t\t\t<\/div>\n\n\t\t\t\t\n\t\t\t<\/div>\n\n\t\t\n\t\n<\/div>\n\n","protected":false},"excerpt":{"rendered":"","protected":false},"author":1,"featured_media":0,"parent":0,"menu_order":0,"comment_status":"closed","ping_status":"closed","template":"","meta":{"footnotes":""},"class_list":["post-26","page","type-page","status-publish","hentry"],"yoast_head":"<!-- This site is optimized with the Yoast SEO plugin v16.0.2 - https:\/\/yoast.com\/wordpress\/plugins\/seo\/ -->\n<title>M\u00f5tisklused - Eesti keele kui v\u00f5\u00f5rkeele \u00f5petaja \/ t\u00e4iskasvanute koolitaja<\/title>\n<link rel=\"canonical\" href=\"https:\/\/ailituisk.ee\/eesti-keel\/blogi\/\" \/>\n<meta property=\"og:locale\" content=\"et_EE\" \/>\n<meta property=\"og:type\" content=\"article\" \/>\n<meta property=\"og:title\" content=\"M\u00f5tisklused - Eesti keele kui v\u00f5\u00f5rkeele \u00f5petaja \/ t\u00e4iskasvanute koolitaja\" \/>\n<meta property=\"og:url\" content=\"https:\/\/ailituisk.ee\/eesti-keel\/blogi\/\" \/>\n<meta property=\"og:site_name\" content=\"Eesti keele kui v\u00f5\u00f5rkeele \u00f5petaja \/ t\u00e4iskasvanute koolitaja\" \/>\n<meta property=\"article:modified_time\" content=\"2021-04-26T11:34:55+00:00\" \/>\n<meta name=\"twitter:card\" content=\"summary_large_image\" \/>\n<meta name=\"twitter:label1\" content=\"Est. reading time\">\n\t<meta name=\"twitter:data1\" content=\"1 minut\">\n<script type=\"application\/ld+json\" class=\"yoast-schema-graph\">{\"@context\":\"https:\/\/schema.org\",\"@graph\":[{\"@type\":\"WebSite\",\"@id\":\"https:\/\/ailituisk.ee\/eesti-keel\/#website\",\"url\":\"https:\/\/ailituisk.ee\/eesti-keel\/\",\"name\":\"Eesti keele kui v\\u00f5\\u00f5rkeele \\u00f5petaja \/ t\\u00e4iskasvanute koolitaja\",\"description\":\"T\\u00e4iskasvanute koolitaja\",\"potentialAction\":[{\"@type\":\"SearchAction\",\"target\":\"https:\/\/ailituisk.ee\/eesti-keel\/?s={search_term_string}\",\"query-input\":\"required name=search_term_string\"}],\"inLanguage\":\"et\"},{\"@type\":\"WebPage\",\"@id\":\"https:\/\/ailituisk.ee\/eesti-keel\/blogi\/#webpage\",\"url\":\"https:\/\/ailituisk.ee\/eesti-keel\/blogi\/\",\"name\":\"M\\u00f5tisklused - Eesti keele kui v\\u00f5\\u00f5rkeele \\u00f5petaja \/ t\\u00e4iskasvanute koolitaja\",\"isPartOf\":{\"@id\":\"https:\/\/ailituisk.ee\/eesti-keel\/#website\"},\"datePublished\":\"2021-02-26T20:01:39+00:00\",\"dateModified\":\"2021-04-26T11:34:55+00:00\",\"breadcrumb\":{\"@id\":\"https:\/\/ailituisk.ee\/eesti-keel\/blogi\/#breadcrumb\"},\"inLanguage\":\"et\",\"potentialAction\":[{\"@type\":\"ReadAction\",\"target\":[\"https:\/\/ailituisk.ee\/eesti-keel\/blogi\/\"]}]},{\"@type\":\"BreadcrumbList\",\"@id\":\"https:\/\/ailituisk.ee\/eesti-keel\/blogi\/#breadcrumb\",\"itemListElement\":[{\"@type\":\"ListItem\",\"position\":1,\"item\":{\"@type\":\"WebPage\",\"@id\":\"https:\/\/ailituisk.ee\/eesti-keel\/\",\"url\":\"https:\/\/ailituisk.ee\/eesti-keel\/\",\"name\":\"Home\"}},{\"@type\":\"ListItem\",\"position\":2,\"item\":{\"@type\":\"WebPage\",\"@id\":\"https:\/\/ailituisk.ee\/eesti-keel\/blogi\/\",\"url\":\"https:\/\/ailituisk.ee\/eesti-keel\/blogi\/\",\"name\":\"M\\u00f5tisklused\"}}]}]}<\/script>\n<!-- \/ Yoast SEO plugin. -->","_links":{"self":[{"href":"https:\/\/ailituisk.ee\/eesti-keel\/wp-json\/wp\/v2\/pages\/26","targetHints":{"allow":["GET"]}}],"collection":[{"href":"https:\/\/ailituisk.ee\/eesti-keel\/wp-json\/wp\/v2\/pages"}],"about":[{"href":"https:\/\/ailituisk.ee\/eesti-keel\/wp-json\/wp\/v2\/types\/page"}],"author":[{"embeddable":true,"href":"https:\/\/ailituisk.ee\/eesti-keel\/wp-json\/wp\/v2\/users\/1"}],"replies":[{"embeddable":true,"href":"https:\/\/ailituisk.ee\/eesti-keel\/wp-json\/wp\/v2\/comments?post=26"}],"version-history":[{"count":5,"href":"https:\/\/ailituisk.ee\/eesti-keel\/wp-json\/wp\/v2\/pages\/26\/revisions"}],"predecessor-version":[{"id":288,"href":"https:\/\/ailituisk.ee\/eesti-keel\/wp-json\/wp\/v2\/pages\/26\/revisions\/288"}],"wp:attachment":[{"href":"https:\/\/ailituisk.ee\/eesti-keel\/wp-json\/wp\/v2\/media?parent=26"}],"curies":[{"name":"wp","href":"https:\/\/api.w.org\/{rel}","templated":true}]}}