{"id":306,"date":"2021-04-28T14:46:13","date_gmt":"2021-04-28T14:46:13","guid":{"rendered":"https:\/\/ailituisk.ee\/eesti-keel\/?page_id=306"},"modified":"2021-05-02T12:29:26","modified_gmt":"2021-05-02T12:29:26","slug":"professionaalne-eneseareng","status":"publish","type":"page","link":"https:\/\/ailituisk.ee\/eesti-keel\/professionaalne-eneseareng\/","title":{"rendered":"Professionaalne eneseareng"},"content":{"rendered":"<ul id=\"menu-professionaalne-eneseareng\" class=\"menu\"><li id=\"menu-item-514\" class=\"menu-item menu-item-type-post_type menu-item-object-post menu-item-514\"><a href=\"https:\/\/ailituisk.ee\/eesti-keel\/labivad-kompetentsid\/\" class=\"menu-link\">L\u00e4bivad kompetentsid<\/a><\/li>\n<li id=\"menu-item-519\" class=\"menu-item menu-item-type-post_type menu-item-object-post menu-item-519\"><a href=\"https:\/\/ailituisk.ee\/eesti-keel\/tallinna-ulikooli-kursuse-tunnistus\/\" class=\"menu-link\">TL\u00dc kursuse tunnistus, 2021, t\u00e4iskasvanute koolitaja<\/a><\/li>\n<\/ul>\n","protected":false},"excerpt":{"rendered":"","protected":false},"author":1,"featured_media":0,"parent":0,"menu_order":0,"comment_status":"closed","ping_status":"closed","template":"","meta":{"footnotes":""},"class_list":["post-306","page","type-page","status-publish","hentry"],"yoast_head":"<!-- This site is optimized with the Yoast SEO plugin v16.0.2 - https:\/\/yoast.com\/wordpress\/plugins\/seo\/ -->\n<title>Professionaalne eneseareng - Eesti keele kui v\u00f5\u00f5rkeele \u00f5petaja \/ t\u00e4iskasvanute koolitaja<\/title>\n<link rel=\"canonical\" href=\"https:\/\/ailituisk.ee\/eesti-keel\/professionaalne-eneseareng\/\" \/>\n<meta property=\"og:locale\" content=\"et_EE\" \/>\n<meta property=\"og:type\" content=\"article\" \/>\n<meta property=\"og:title\" content=\"Professionaalne eneseareng - Eesti keele kui v\u00f5\u00f5rkeele \u00f5petaja \/ t\u00e4iskasvanute koolitaja\" \/>\n<meta property=\"og:url\" content=\"https:\/\/ailituisk.ee\/eesti-keel\/professionaalne-eneseareng\/\" \/>\n<meta property=\"og:site_name\" content=\"Eesti keele kui v\u00f5\u00f5rkeele \u00f5petaja \/ t\u00e4iskasvanute koolitaja\" \/>\n<meta property=\"article:modified_time\" content=\"2021-05-02T12:29:26+00:00\" \/>\n<meta name=\"twitter:card\" content=\"summary_large_image\" \/>\n<script type=\"application\/ld+json\" class=\"yoast-schema-graph\">{\"@context\":\"https:\/\/schema.org\",\"@graph\":[{\"@type\":\"WebSite\",\"@id\":\"https:\/\/ailituisk.ee\/eesti-keel\/#website\",\"url\":\"https:\/\/ailituisk.ee\/eesti-keel\/\",\"name\":\"Eesti keele kui v\\u00f5\\u00f5rkeele \\u00f5petaja \/ t\\u00e4iskasvanute koolitaja\",\"description\":\"T\\u00e4iskasvanute koolitaja\",\"potentialAction\":[{\"@type\":\"SearchAction\",\"target\":\"https:\/\/ailituisk.ee\/eesti-keel\/?s={search_term_string}\",\"query-input\":\"required name=search_term_string\"}],\"inLanguage\":\"et\"},{\"@type\":\"WebPage\",\"@id\":\"https:\/\/ailituisk.ee\/eesti-keel\/professionaalne-eneseareng\/#webpage\",\"url\":\"https:\/\/ailituisk.ee\/eesti-keel\/professionaalne-eneseareng\/\",\"name\":\"Professionaalne eneseareng - Eesti keele kui v\\u00f5\\u00f5rkeele \\u00f5petaja \/ t\\u00e4iskasvanute koolitaja\",\"isPartOf\":{\"@id\":\"https:\/\/ailituisk.ee\/eesti-keel\/#website\"},\"datePublished\":\"2021-04-28T14:46:13+00:00\",\"dateModified\":\"2021-05-02T12:29:26+00:00\",\"breadcrumb\":{\"@id\":\"https:\/\/ailituisk.ee\/eesti-keel\/professionaalne-eneseareng\/#breadcrumb\"},\"inLanguage\":\"et\",\"potentialAction\":[{\"@type\":\"ReadAction\",\"target\":[\"https:\/\/ailituisk.ee\/eesti-keel\/professionaalne-eneseareng\/\"]}]},{\"@type\":\"BreadcrumbList\",\"@id\":\"https:\/\/ailituisk.ee\/eesti-keel\/professionaalne-eneseareng\/#breadcrumb\",\"itemListElement\":[{\"@type\":\"ListItem\",\"position\":1,\"item\":{\"@type\":\"WebPage\",\"@id\":\"https:\/\/ailituisk.ee\/eesti-keel\/\",\"url\":\"https:\/\/ailituisk.ee\/eesti-keel\/\",\"name\":\"Home\"}},{\"@type\":\"ListItem\",\"position\":2,\"item\":{\"@type\":\"WebPage\",\"@id\":\"https:\/\/ailituisk.ee\/eesti-keel\/professionaalne-eneseareng\/\",\"url\":\"https:\/\/ailituisk.ee\/eesti-keel\/professionaalne-eneseareng\/\",\"name\":\"Professionaalne eneseareng\"}}]}]}<\/script>\n<!-- \/ Yoast SEO plugin. -->","_links":{"self":[{"href":"https:\/\/ailituisk.ee\/eesti-keel\/wp-json\/wp\/v2\/pages\/306","targetHints":{"allow":["GET"]}}],"collection":[{"href":"https:\/\/ailituisk.ee\/eesti-keel\/wp-json\/wp\/v2\/pages"}],"about":[{"href":"https:\/\/ailituisk.ee\/eesti-keel\/wp-json\/wp\/v2\/types\/page"}],"author":[{"embeddable":true,"href":"https:\/\/ailituisk.ee\/eesti-keel\/wp-json\/wp\/v2\/users\/1"}],"replies":[{"embeddable":true,"href":"https:\/\/ailituisk.ee\/eesti-keel\/wp-json\/wp\/v2\/comments?post=306"}],"version-history":[{"count":3,"href":"https:\/\/ailituisk.ee\/eesti-keel\/wp-json\/wp\/v2\/pages\/306\/revisions"}],"predecessor-version":[{"id":522,"href":"https:\/\/ailituisk.ee\/eesti-keel\/wp-json\/wp\/v2\/pages\/306\/revisions\/522"}],"wp:attachment":[{"href":"https:\/\/ailituisk.ee\/eesti-keel\/wp-json\/wp\/v2\/media?parent=306"}],"curies":[{"name":"wp","href":"https:\/\/api.w.org\/{rel}","templated":true}]}}