{"id":309,"date":"2021-04-28T14:53:04","date_gmt":"2021-04-28T14:53:04","guid":{"rendered":"https:\/\/ailituisk.ee\/eesti-keel\/?page_id=309"},"modified":"2021-05-02T12:31:14","modified_gmt":"2021-05-02T12:31:14","slug":"tagasiside","status":"publish","type":"page","link":"https:\/\/ailituisk.ee\/eesti-keel\/tagasiside\/","title":{"rendered":"Tagasiside"},"content":{"rendered":"<ul id=\"menu-tagasiside\" class=\"menu\"><li id=\"menu-item-526\" class=\"menu-item menu-item-type-post_type menu-item-object-post menu-item-526\"><a href=\"https:\/\/ailituisk.ee\/eesti-keel\/tulemused\/\" class=\"menu-link\">Tagasiside<\/a><\/li>\n<li id=\"menu-item-524\" class=\"menu-item menu-item-type-post_type menu-item-object-post menu-item-524\"><a href=\"https:\/\/ailituisk.ee\/eesti-keel\/koolituse-tagasisideankeet\/\" class=\"menu-link\">Tagasisideankeet \/ Google Forms<\/a><\/li>\n<li id=\"menu-item-560\" class=\"menu-item menu-item-type-post_type menu-item-object-post menu-item-560\"><a href=\"https:\/\/ailituisk.ee\/eesti-keel\/tagasisideankeedi-analuus\/\" class=\"menu-link\">Tagasisideankeedi anal\u00fc\u00fcs<\/a><\/li>\n<li id=\"menu-item-523\" class=\"menu-item menu-item-type-post_type menu-item-object-post menu-item-523\"><a href=\"https:\/\/ailituisk.ee\/eesti-keel\/luhikusitlus\/\" class=\"menu-link\">L\u00fchik\u00fcsitlus \/ Mentimeter.com<\/a><\/li>\n<\/ul>\n","protected":false},"excerpt":{"rendered":"","protected":false},"author":1,"featured_media":0,"parent":0,"menu_order":0,"comment_status":"closed","ping_status":"closed","template":"","meta":{"footnotes":""},"class_list":["post-309","page","type-page","status-publish","hentry"],"yoast_head":"<!-- This site is optimized with the Yoast SEO plugin v16.0.2 - https:\/\/yoast.com\/wordpress\/plugins\/seo\/ -->\n<title>Tagasiside - Eesti keele kui v\u00f5\u00f5rkeele \u00f5petaja \/ t\u00e4iskasvanute koolitaja<\/title>\n<link rel=\"canonical\" href=\"https:\/\/ailituisk.ee\/eesti-keel\/tagasiside\/\" \/>\n<meta property=\"og:locale\" content=\"et_EE\" \/>\n<meta property=\"og:type\" content=\"article\" \/>\n<meta property=\"og:title\" content=\"Tagasiside - Eesti keele kui v\u00f5\u00f5rkeele \u00f5petaja \/ t\u00e4iskasvanute koolitaja\" \/>\n<meta property=\"og:url\" content=\"https:\/\/ailituisk.ee\/eesti-keel\/tagasiside\/\" \/>\n<meta property=\"og:site_name\" content=\"Eesti keele kui v\u00f5\u00f5rkeele \u00f5petaja \/ t\u00e4iskasvanute koolitaja\" \/>\n<meta property=\"article:modified_time\" content=\"2021-05-02T12:31:14+00:00\" \/>\n<meta name=\"twitter:card\" content=\"summary_large_image\" \/>\n<script type=\"application\/ld+json\" class=\"yoast-schema-graph\">{\"@context\":\"https:\/\/schema.org\",\"@graph\":[{\"@type\":\"WebSite\",\"@id\":\"https:\/\/ailituisk.ee\/eesti-keel\/#website\",\"url\":\"https:\/\/ailituisk.ee\/eesti-keel\/\",\"name\":\"Eesti keele kui v\\u00f5\\u00f5rkeele \\u00f5petaja \/ t\\u00e4iskasvanute koolitaja\",\"description\":\"T\\u00e4iskasvanute koolitaja\",\"potentialAction\":[{\"@type\":\"SearchAction\",\"target\":\"https:\/\/ailituisk.ee\/eesti-keel\/?s={search_term_string}\",\"query-input\":\"required name=search_term_string\"}],\"inLanguage\":\"et\"},{\"@type\":\"WebPage\",\"@id\":\"https:\/\/ailituisk.ee\/eesti-keel\/tagasiside\/#webpage\",\"url\":\"https:\/\/ailituisk.ee\/eesti-keel\/tagasiside\/\",\"name\":\"Tagasiside - Eesti keele kui v\\u00f5\\u00f5rkeele \\u00f5petaja \/ t\\u00e4iskasvanute koolitaja\",\"isPartOf\":{\"@id\":\"https:\/\/ailituisk.ee\/eesti-keel\/#website\"},\"datePublished\":\"2021-04-28T14:53:04+00:00\",\"dateModified\":\"2021-05-02T12:31:14+00:00\",\"breadcrumb\":{\"@id\":\"https:\/\/ailituisk.ee\/eesti-keel\/tagasiside\/#breadcrumb\"},\"inLanguage\":\"et\",\"potentialAction\":[{\"@type\":\"ReadAction\",\"target\":[\"https:\/\/ailituisk.ee\/eesti-keel\/tagasiside\/\"]}]},{\"@type\":\"BreadcrumbList\",\"@id\":\"https:\/\/ailituisk.ee\/eesti-keel\/tagasiside\/#breadcrumb\",\"itemListElement\":[{\"@type\":\"ListItem\",\"position\":1,\"item\":{\"@type\":\"WebPage\",\"@id\":\"https:\/\/ailituisk.ee\/eesti-keel\/\",\"url\":\"https:\/\/ailituisk.ee\/eesti-keel\/\",\"name\":\"Home\"}},{\"@type\":\"ListItem\",\"position\":2,\"item\":{\"@type\":\"WebPage\",\"@id\":\"https:\/\/ailituisk.ee\/eesti-keel\/tagasiside\/\",\"url\":\"https:\/\/ailituisk.ee\/eesti-keel\/tagasiside\/\",\"name\":\"Tagasiside\"}}]}]}<\/script>\n<!-- \/ Yoast SEO plugin. -->","_links":{"self":[{"href":"https:\/\/ailituisk.ee\/eesti-keel\/wp-json\/wp\/v2\/pages\/309","targetHints":{"allow":["GET"]}}],"collection":[{"href":"https:\/\/ailituisk.ee\/eesti-keel\/wp-json\/wp\/v2\/pages"}],"about":[{"href":"https:\/\/ailituisk.ee\/eesti-keel\/wp-json\/wp\/v2\/types\/page"}],"author":[{"embeddable":true,"href":"https:\/\/ailituisk.ee\/eesti-keel\/wp-json\/wp\/v2\/users\/1"}],"replies":[{"embeddable":true,"href":"https:\/\/ailituisk.ee\/eesti-keel\/wp-json\/wp\/v2\/comments?post=309"}],"version-history":[{"count":2,"href":"https:\/\/ailituisk.ee\/eesti-keel\/wp-json\/wp\/v2\/pages\/309\/revisions"}],"predecessor-version":[{"id":527,"href":"https:\/\/ailituisk.ee\/eesti-keel\/wp-json\/wp\/v2\/pages\/309\/revisions\/527"}],"wp:attachment":[{"href":"https:\/\/ailituisk.ee\/eesti-keel\/wp-json\/wp\/v2\/media?parent=309"}],"curies":[{"name":"wp","href":"https:\/\/api.w.org\/{rel}","templated":true}]}}