{"id":423,"date":"2021-04-30T13:30:58","date_gmt":"2021-04-30T13:30:58","guid":{"rendered":"https:\/\/ailituisk.ee\/eesti-keel\/?page_id=423"},"modified":"2021-04-30T13:30:58","modified_gmt":"2021-04-30T13:30:58","slug":"analuus-ning-hindamine","status":"publish","type":"page","link":"https:\/\/ailituisk.ee\/eesti-keel\/analuus-ning-hindamine\/","title":{"rendered":"\u00d5ppeprotsessi ja \u00f5pitulemuste anal\u00fc\u00fcs ning hindamine"},"content":{"rendered":"","protected":false},"excerpt":{"rendered":"","protected":false},"author":1,"featured_media":0,"parent":0,"menu_order":0,"comment_status":"closed","ping_status":"closed","template":"","meta":{"footnotes":""},"class_list":["post-423","page","type-page","status-publish","hentry"],"yoast_head":"<!-- This site is optimized with the Yoast SEO plugin v16.0.2 - https:\/\/yoast.com\/wordpress\/plugins\/seo\/ -->\n<title>\u00d5ppeprotsessi ja \u00f5pitulemuste anal\u00fc\u00fcs ning hindamine - Eesti keele kui v\u00f5\u00f5rkeele \u00f5petaja \/ t\u00e4iskasvanute koolitaja<\/title>\n<link rel=\"canonical\" href=\"https:\/\/ailituisk.ee\/eesti-keel\/analuus-ning-hindamine\/\" \/>\n<meta property=\"og:locale\" content=\"et_EE\" \/>\n<meta property=\"og:type\" content=\"article\" \/>\n<meta property=\"og:title\" content=\"\u00d5ppeprotsessi ja \u00f5pitulemuste anal\u00fc\u00fcs ning hindamine - Eesti keele kui v\u00f5\u00f5rkeele \u00f5petaja \/ t\u00e4iskasvanute koolitaja\" \/>\n<meta property=\"og:url\" content=\"https:\/\/ailituisk.ee\/eesti-keel\/analuus-ning-hindamine\/\" \/>\n<meta property=\"og:site_name\" content=\"Eesti keele kui v\u00f5\u00f5rkeele \u00f5petaja \/ t\u00e4iskasvanute koolitaja\" \/>\n<meta name=\"twitter:card\" content=\"summary_large_image\" \/>\n<script type=\"application\/ld+json\" class=\"yoast-schema-graph\">{\"@context\":\"https:\/\/schema.org\",\"@graph\":[{\"@type\":\"WebSite\",\"@id\":\"https:\/\/ailituisk.ee\/eesti-keel\/#website\",\"url\":\"https:\/\/ailituisk.ee\/eesti-keel\/\",\"name\":\"Eesti keele kui v\\u00f5\\u00f5rkeele \\u00f5petaja \/ t\\u00e4iskasvanute koolitaja\",\"description\":\"T\\u00e4iskasvanute koolitaja\",\"potentialAction\":[{\"@type\":\"SearchAction\",\"target\":\"https:\/\/ailituisk.ee\/eesti-keel\/?s={search_term_string}\",\"query-input\":\"required name=search_term_string\"}],\"inLanguage\":\"et\"},{\"@type\":\"WebPage\",\"@id\":\"https:\/\/ailituisk.ee\/eesti-keel\/analuus-ning-hindamine\/#webpage\",\"url\":\"https:\/\/ailituisk.ee\/eesti-keel\/analuus-ning-hindamine\/\",\"name\":\"\\u00d5ppeprotsessi ja \\u00f5pitulemuste anal\\u00fc\\u00fcs ning hindamine - Eesti keele kui v\\u00f5\\u00f5rkeele \\u00f5petaja \/ t\\u00e4iskasvanute koolitaja\",\"isPartOf\":{\"@id\":\"https:\/\/ailituisk.ee\/eesti-keel\/#website\"},\"datePublished\":\"2021-04-30T13:30:58+00:00\",\"dateModified\":\"2021-04-30T13:30:58+00:00\",\"breadcrumb\":{\"@id\":\"https:\/\/ailituisk.ee\/eesti-keel\/analuus-ning-hindamine\/#breadcrumb\"},\"inLanguage\":\"et\",\"potentialAction\":[{\"@type\":\"ReadAction\",\"target\":[\"https:\/\/ailituisk.ee\/eesti-keel\/analuus-ning-hindamine\/\"]}]},{\"@type\":\"BreadcrumbList\",\"@id\":\"https:\/\/ailituisk.ee\/eesti-keel\/analuus-ning-hindamine\/#breadcrumb\",\"itemListElement\":[{\"@type\":\"ListItem\",\"position\":1,\"item\":{\"@type\":\"WebPage\",\"@id\":\"https:\/\/ailituisk.ee\/eesti-keel\/\",\"url\":\"https:\/\/ailituisk.ee\/eesti-keel\/\",\"name\":\"Home\"}},{\"@type\":\"ListItem\",\"position\":2,\"item\":{\"@type\":\"WebPage\",\"@id\":\"https:\/\/ailituisk.ee\/eesti-keel\/analuus-ning-hindamine\/\",\"url\":\"https:\/\/ailituisk.ee\/eesti-keel\/analuus-ning-hindamine\/\",\"name\":\"\\u00d5ppeprotsessi ja \\u00f5pitulemuste anal\\u00fc\\u00fcs ning hindamine\"}}]}]}<\/script>\n<!-- \/ Yoast SEO plugin. -->","_links":{"self":[{"href":"https:\/\/ailituisk.ee\/eesti-keel\/wp-json\/wp\/v2\/pages\/423","targetHints":{"allow":["GET"]}}],"collection":[{"href":"https:\/\/ailituisk.ee\/eesti-keel\/wp-json\/wp\/v2\/pages"}],"about":[{"href":"https:\/\/ailituisk.ee\/eesti-keel\/wp-json\/wp\/v2\/types\/page"}],"author":[{"embeddable":true,"href":"https:\/\/ailituisk.ee\/eesti-keel\/wp-json\/wp\/v2\/users\/1"}],"replies":[{"embeddable":true,"href":"https:\/\/ailituisk.ee\/eesti-keel\/wp-json\/wp\/v2\/comments?post=423"}],"version-history":[{"count":1,"href":"https:\/\/ailituisk.ee\/eesti-keel\/wp-json\/wp\/v2\/pages\/423\/revisions"}],"predecessor-version":[{"id":424,"href":"https:\/\/ailituisk.ee\/eesti-keel\/wp-json\/wp\/v2\/pages\/423\/revisions\/424"}],"wp:attachment":[{"href":"https:\/\/ailituisk.ee\/eesti-keel\/wp-json\/wp\/v2\/media?parent=423"}],"curies":[{"name":"wp","href":"https:\/\/api.w.org\/{rel}","templated":true}]}}