{"id":790,"date":"2022-05-10T06:21:45","date_gmt":"2022-05-10T06:21:45","guid":{"rendered":"https:\/\/ailituisk.ee\/eesti-keel\/?page_id=790"},"modified":"2024-09-12T14:05:19","modified_gmt":"2024-09-12T14:05:19","slug":"eesti-keele-kursused","status":"publish","type":"page","link":"https:\/\/ailituisk.ee\/eesti-keel\/eesti-keele-kursused\/","title":{"rendered":"Eesti keele kursused"},"content":{"rendered":"<!-- EventON Calendar --><div id='evcal_calendar_256' class='list_cal ajde_evcal_calendar sev cev color esty_2 ul ' ><div id='evcal_head' class='calendar_header ' ><div class='evo_cal_above'><span class='evo-gototoday-btn' style='display:none' data-mo='4' data-yr='2026' data-dy=''>Current Month<\/span><\/div><div class='evo_cal_above_content'><\/div><\/div><div id='eventon_loadbar_section'><div id='eventon_loadbar'><\/div><\/div><!-- Events List --><div id='evcal_list' \n\t\t\t\t\tclass='eventon_events_list sep_months evcal_list_month'><div class='eventon_list_event no_events'><p class='no_events' >No Events<\/p><\/div>\t\t\t<div class='clear'><\/div>\n\t\t\t<\/div>\n\t\t\t<div class='clear'><\/div>\n\t\t\t\t\t \t<div id='evcal_footer' class='evo_bottom' style='display:none'>\n\t\t \t\t<div class='evo_cal_data'  data-sc='{\"accord\":\"no\",\"bottom_nav\":\"no\",\"cal_id\":\"\",\"cal_init_nonajax\":\"no\",\"calendar_type\":\"list\",\"ep_fields\":\"\",\"etc_override\":\"no\",\"evc_open\":\"no\",\"event_count\":0,\"event_location\":\"all\",\"event_order\":\"ASC\",\"event_organizer\":\"all\",\"event_parts\":\"no\",\"event_past_future\":\"all\",\"event_status\":\"all\",\"event_tag\":\"all\",\"event_type\":\"all\",\"event_type_2\":\"all\",\"event_type_3\":\"all\",\"event_type_4\":\"all\",\"event_type_5\":\"all\",\"event_virtual\":\"all\",\"eventtop_date_style\":0,\"eventtop_style\":\"2\",\"exp_jumper\":\"no\",\"exp_so\":\"no\",\"filter_relationship\":\"AND\",\"filter_show_set_only\":\"no\",\"filter_type\":\"default\",\"filters\":\"yes\",\"fixed_month\":\"4\",\"fixed_year\":\"2026\",\"focus_end_date_range\":\"1838149199\",\"focus_start_date_range\":\"1774990800\",\"ft_event_priority\":\"no\",\"hide_arrows\":\"no\",\"hide_cancels\":\"no\",\"hide_empty_months\":\"yes\",\"hide_end_time\":\"no\",\"hide_et_dn\":\"no\",\"hide_et_extra\":\"no\",\"hide_et_tags\":\"no\",\"hide_et_tl\":\"no\",\"hide_ft\":\"no\",\"hide_ft_img\":\"no\",\"hide_month_headers\":\"no\",\"hide_mult_occur\":\"no\",\"hide_past\":\"no\",\"hide_past_by\":\"ee\",\"hide_so\":\"no\",\"ics\":\"no\",\"jumper\":\"no\",\"jumper_count\":5,\"jumper_offset\":\"0\",\"lang\":\"L1\",\"layout_changer\":\"no\",\"livenow_bar\":\"yes\",\"mapformat\":\"roadmap\",\"mapiconurl\":\"\",\"maps_load\":\"yes\",\"mapscroll\":\"true\",\"mapzoom\":\"18\",\"members_only\":\"no\",\"ml_priority\":\"no\",\"month_incre\":0,\"number_of_months\":\"24\",\"only_ft\":\"no\",\"pec\":\"\",\"s\":\"\",\"search\":\"\",\"search_all\":\"no\",\"sep_month\":\"yes\",\"show_et_ft_img\":\"no\",\"show_limit\":\"no\",\"show_limit_ajax\":\"no\",\"show_limit_paged\":1,\"show_limit_redir\":\"\",\"show_repeats\":\"no\",\"show_upcoming\":0,\"show_year\":\"yes\",\"social_share\":\"no\",\"sort_by\":\"sort_date\",\"tile_bg\":0,\"tile_bg_size\":\"full\",\"tile_count\":2,\"tile_height\":0,\"tile_style\":0,\"tiles\":\"no\",\"ux_val\":\"0\",\"wpml_l1\":\"\",\"wpml_l2\":\"\",\"wpml_l3\":\"\",\"yl_priority\":\"no\",\"fixed_day\":\"5\",\"_cver\":\"2.2.15\"}' data-od='{\"lang_no_events\":\"No Events\",\"cal_tz_offset\":180,\"cal_tz\":\"Europe\\\/Helsinki\"}'><\/div>\n\t\t \t\t<div class='evo_cal_events' data-events=\"\"><\/div>\n\t\t \t<\/div>\n\t\t\t\t\n\t\t\t\n\t\t\t\t\t\t<\/div><!-- EventON End -->\n\t\t\t\n","protected":false},"excerpt":{"rendered":"","protected":false},"author":1,"featured_media":0,"parent":0,"menu_order":0,"comment_status":"closed","ping_status":"closed","template":"","meta":{"footnotes":""},"class_list":["post-790","page","type-page","status-publish","hentry"],"yoast_head":"<!-- This site is optimized with the Yoast SEO plugin v16.0.2 - https:\/\/yoast.com\/wordpress\/plugins\/seo\/ -->\n<title>Eesti keele kursused - Individuaal\u00f5pe<\/title>\n<meta name=\"description\" content=\"Eesti keele kursused - Individuaal\u00f5pe\" \/>\n<link rel=\"canonical\" href=\"https:\/\/ailituisk.ee\/eesti-keel\/eesti-keele-kursused\/\" \/>\n<meta property=\"og:locale\" content=\"et_EE\" \/>\n<meta property=\"og:type\" content=\"article\" \/>\n<meta property=\"og:title\" content=\"Eesti keele kursused - Individuaal\u00f5pe\" \/>\n<meta property=\"og:description\" content=\"Eesti keele kursused - Individuaal\u00f5pe\" \/>\n<meta property=\"og:url\" content=\"https:\/\/ailituisk.ee\/eesti-keel\/eesti-keele-kursused\/\" \/>\n<meta property=\"og:site_name\" content=\"Eesti keele kui v\u00f5\u00f5rkeele \u00f5petaja \/ t\u00e4iskasvanute koolitaja\" \/>\n<meta property=\"article:modified_time\" content=\"2024-09-12T14:05:19+00:00\" \/>\n<meta name=\"twitter:card\" content=\"summary_large_image\" \/>\n<meta name=\"twitter:label1\" content=\"Est. reading time\">\n\t<meta name=\"twitter:data1\" content=\"1 minut\">\n<script type=\"application\/ld+json\" class=\"yoast-schema-graph\">{\"@context\":\"https:\/\/schema.org\",\"@graph\":[{\"@type\":\"WebSite\",\"@id\":\"https:\/\/ailituisk.ee\/eesti-keel\/#website\",\"url\":\"https:\/\/ailituisk.ee\/eesti-keel\/\",\"name\":\"Eesti keele kui v\\u00f5\\u00f5rkeele \\u00f5petaja \/ t\\u00e4iskasvanute koolitaja\",\"description\":\"T\\u00e4iskasvanute koolitaja\",\"potentialAction\":[{\"@type\":\"SearchAction\",\"target\":\"https:\/\/ailituisk.ee\/eesti-keel\/?s={search_term_string}\",\"query-input\":\"required name=search_term_string\"}],\"inLanguage\":\"et\"},{\"@type\":\"WebPage\",\"@id\":\"https:\/\/ailituisk.ee\/eesti-keel\/eesti-keele-kursused\/#webpage\",\"url\":\"https:\/\/ailituisk.ee\/eesti-keel\/eesti-keele-kursused\/\",\"name\":\"Eesti keele kursused - Individuaal\\u00f5pe\",\"isPartOf\":{\"@id\":\"https:\/\/ailituisk.ee\/eesti-keel\/#website\"},\"datePublished\":\"2022-05-10T06:21:45+00:00\",\"dateModified\":\"2024-09-12T14:05:19+00:00\",\"description\":\"Eesti keele kursused - Individuaal\\u00f5pe\",\"breadcrumb\":{\"@id\":\"https:\/\/ailituisk.ee\/eesti-keel\/eesti-keele-kursused\/#breadcrumb\"},\"inLanguage\":\"et\",\"potentialAction\":[{\"@type\":\"ReadAction\",\"target\":[\"https:\/\/ailituisk.ee\/eesti-keel\/eesti-keele-kursused\/\"]}]},{\"@type\":\"BreadcrumbList\",\"@id\":\"https:\/\/ailituisk.ee\/eesti-keel\/eesti-keele-kursused\/#breadcrumb\",\"itemListElement\":[{\"@type\":\"ListItem\",\"position\":1,\"item\":{\"@type\":\"WebPage\",\"@id\":\"https:\/\/ailituisk.ee\/eesti-keel\/\",\"url\":\"https:\/\/ailituisk.ee\/eesti-keel\/\",\"name\":\"Home\"}},{\"@type\":\"ListItem\",\"position\":2,\"item\":{\"@type\":\"WebPage\",\"@id\":\"https:\/\/ailituisk.ee\/eesti-keel\/eesti-keele-kursused\/\",\"url\":\"https:\/\/ailituisk.ee\/eesti-keel\/eesti-keele-kursused\/\",\"name\":\"Eesti keele kursused\"}}]}]}<\/script>\n<!-- \/ Yoast SEO plugin. -->","_links":{"self":[{"href":"https:\/\/ailituisk.ee\/eesti-keel\/wp-json\/wp\/v2\/pages\/790","targetHints":{"allow":["GET"]}}],"collection":[{"href":"https:\/\/ailituisk.ee\/eesti-keel\/wp-json\/wp\/v2\/pages"}],"about":[{"href":"https:\/\/ailituisk.ee\/eesti-keel\/wp-json\/wp\/v2\/types\/page"}],"author":[{"embeddable":true,"href":"https:\/\/ailituisk.ee\/eesti-keel\/wp-json\/wp\/v2\/users\/1"}],"replies":[{"embeddable":true,"href":"https:\/\/ailituisk.ee\/eesti-keel\/wp-json\/wp\/v2\/comments?post=790"}],"version-history":[{"count":5,"href":"https:\/\/ailituisk.ee\/eesti-keel\/wp-json\/wp\/v2\/pages\/790\/revisions"}],"predecessor-version":[{"id":1005,"href":"https:\/\/ailituisk.ee\/eesti-keel\/wp-json\/wp\/v2\/pages\/790\/revisions\/1005"}],"wp:attachment":[{"href":"https:\/\/ailituisk.ee\/eesti-keel\/wp-json\/wp\/v2\/media?parent=790"}],"curies":[{"name":"wp","href":"https:\/\/api.w.org\/{rel}","templated":true}]}}